{"id":4880,"date":"2023-10-02T08:47:20","date_gmt":"2023-10-02T07:47:20","guid":{"rendered":"https:\/\/latam-spectrum.com\/2023\/?page_id=4880"},"modified":"2023-11-29T10:35:21","modified_gmt":"2023-11-29T10:35:21","slug":"registration","status":"publish","type":"page","link":"https:\/\/latam-spectrum.com\/2023\/registration\/","title":{"rendered":"Register"},"content":{"rendered":"\t\t<div data-elementor-type=\"wp-page\" data-elementor-id=\"4880\" class=\"elementor elementor-4880\" data-elementor-post-type=\"page\">\n\t\t\t\t\t\t<section class=\"elementor-section elementor-top-section elementor-element elementor-element-617b35e elementor-section-boxed elementor-section-height-default elementor-section-height-default\" data-id=\"617b35e\" data-element_type=\"section\" data-settings=\"{&quot;background_background&quot;:&quot;classic&quot;}\">\n\t\t\t\t\t\t<div class=\"elementor-container elementor-column-gap-default\">\n\t\t\t\t\t<div class=\"elementor-column elementor-col-100 elementor-top-column elementor-element elementor-element-5f3067a elementor-invisible\" data-id=\"5f3067a\" data-element_type=\"column\" data-settings=\"{&quot;background_background&quot;:&quot;classic&quot;,&quot;animation&quot;:&quot;shake&quot;}\">\n\t\t\t<div class=\"elementor-widget-wrap elementor-element-populated\">\n\t\t\t\t\t\t<div class=\"elementor-element elementor-element-983b5e2 elementor-widget elementor-widget-heading\" data-id=\"983b5e2\" data-element_type=\"widget\" data-widget_type=\"heading.default\">\n\t\t\t\t<div class=\"elementor-widget-container\">\n\t\t\t<h2 class=\"elementor-heading-title elementor-size-default\">Registration\n<\/h2>\t\t<\/div>\n\t\t\t\t<\/div>\n\t\t\t\t<div class=\"elementor-element elementor-element-65a602c elementor-widget elementor-widget-spacer\" data-id=\"65a602c\" data-element_type=\"widget\" data-widget_type=\"spacer.default\">\n\t\t\t\t<div class=\"elementor-widget-container\">\n\t\t\t\t\t<div class=\"elementor-spacer\">\n\t\t\t<div class=\"elementor-spacer-inner\"><\/div>\n\t\t<\/div>\n\t\t\t\t<\/div>\n\t\t\t\t<\/div>\n\t\t\t\t<div class=\"elementor-element elementor-element-d444021 elementor-widget elementor-widget-text-editor\" data-id=\"d444021\" data-element_type=\"widget\" data-widget_type=\"text-editor.default\">\n\t\t\t\t<div class=\"elementor-widget-container\">\n\t\t\t\t\t\t\t<p>Please kindly note that this is a <strong>fully in-person <\/strong>event, taking place at the\u00a0\u201cEspa\u00e7o Cultural Renato Guerreiro\u201d at ANATEL\u2019s Headquarters in Bras\u00edlia, Brazil.<\/p><p>There will be\u00a0<strong>no virtual element<\/strong>\u00a0to this event, so please only register if you are able to physically participate in Brazil.<\/p><p>&#8212;&#8212;&#8212;&#8212;&#8212;&#8212;&#8212;&#8211;<\/p><p>Tenga en cuenta que este es un evento <strong>totalmente presencial<\/strong> que se llevar\u00e1 a cabo en el \u201cEspa\u00e7o Cultural Renato Guerreiro\u201d en la sede de ANATEL en Brasilia, Brasil.<\/p><p><strong>No habr\u00e1 ning\u00fan componente virtual<\/strong> en este evento, as\u00ed que por favor reg\u00edstrese solo si puede participar f\u00edsicamente en Brasil.<\/p>\t\t\t\t\t\t<\/div>\n\t\t\t\t<\/div>\n\t\t\t\t<section class=\"elementor-section elementor-inner-section elementor-element elementor-element-125da8b elementor-section-boxed elementor-section-height-default elementor-section-height-default\" data-id=\"125da8b\" data-element_type=\"section\">\n\t\t\t\t\t\t<div class=\"elementor-container elementor-column-gap-default\">\n\t\t\t\t\t<div class=\"elementor-column elementor-col-50 elementor-inner-column elementor-element elementor-element-dc4b850\" data-id=\"dc4b850\" data-element_type=\"column\">\n\t\t\t<div class=\"elementor-widget-wrap elementor-element-populated\">\n\t\t\t\t\t\t<div class=\"elementor-element elementor-element-22c1048 elementor-align-center elementor-widget__width-initial elementor-widget-mobile__width-inherit elementor-widget-tablet__width-initial elementor-widget elementor-widget-button\" data-id=\"22c1048\" data-element_type=\"widget\" data-widget_type=\"button.default\">\n\t\t\t\t<div class=\"elementor-widget-container\">\n\t\t\t\t\t<div class=\"elementor-button-wrapper\">\n\t\t\t<a class=\"elementor-button elementor-button-link elementor-size-sm elementor-animation-shrink\" href=\"https:\/\/eu-ems.com\/register.asp?event_id=4768\" target=\"_blank\">\n\t\t\t\t\t\t<span class=\"elementor-button-content-wrapper\">\n\t\t\t\t\t\t<span class=\"elementor-button-text\">Register in English<\/span>\n\t\t<\/span>\n\t\t\t\t\t<\/a>\n\t\t<\/div>\n\t\t\t\t<\/div>\n\t\t\t\t<\/div>\n\t\t\t\t\t<\/div>\n\t\t<\/div>\n\t\t\t\t<div class=\"elementor-column elementor-col-50 elementor-inner-column elementor-element elementor-element-8f2b3a4\" data-id=\"8f2b3a4\" data-element_type=\"column\">\n\t\t\t<div class=\"elementor-widget-wrap elementor-element-populated\">\n\t\t\t\t\t\t<div class=\"elementor-element elementor-element-10a3109 elementor-align-center elementor-widget__width-initial elementor-widget-mobile__width-inherit elementor-widget-tablet__width-initial elementor-widget elementor-widget-button\" data-id=\"10a3109\" data-element_type=\"widget\" data-widget_type=\"button.default\">\n\t\t\t\t<div class=\"elementor-widget-container\">\n\t\t\t\t\t<div class=\"elementor-button-wrapper\">\n\t\t\t<a class=\"elementor-button elementor-button-link elementor-size-sm elementor-animation-shrink\" href=\"https:\/\/eu-ems.com\/register.asp?event_id=4783\" target=\"_blank\">\n\t\t\t\t\t\t<span class=\"elementor-button-content-wrapper\">\n\t\t\t\t\t\t<span class=\"elementor-button-text\">Registro en Espa\u00f1ol<\/span>\n\t\t<\/span>\n\t\t\t\t\t<\/a>\n\t\t<\/div>\n\t\t\t\t<\/div>\n\t\t\t\t<\/div>\n\t\t\t\t\t<\/div>\n\t\t<\/div>\n\t\t\t\t\t<\/div>\n\t\t<\/section>\n\t\t\t\t\t<\/div>\n\t\t<\/div>\n\t\t\t\t\t<\/div>\n\t\t<\/section>\n\t\t\t\t<\/div>\n\t\t","protected":false},"excerpt":{"rendered":"<p>Registration Please kindly note that this is a fully in-person event, taking place at the\u00a0\u201cEspa\u00e7o Cultural Renato Guerreiro\u201d at ANATEL\u2019s Headquarters in Bras\u00edlia, Brazil. There will be\u00a0no virtual element\u00a0to this event, so please only register if you are able to physically participate in Brazil. &#8212;&#8212;&#8212;&#8212;&#8212;&#8212;&#8212;&#8211; Tenga en cuenta que este es un evento totalmente presencial [&hellip;]<\/p>\n","protected":false},"author":1,"featured_media":0,"parent":0,"menu_order":0,"comment_status":"closed","ping_status":"closed","template":"elementor_header_footer","meta":{"footnotes":""},"yoast_head":"<!-- This site is optimized with the Yoast SEO plugin v22.4 - https:\/\/yoast.com\/wordpress\/plugins\/seo\/ -->\n<title>Register - 10th Latin America Spectrum Management Conference<\/title>\n<meta name=\"robots\" content=\"index, follow, max-snippet:-1, max-image-preview:large, max-video-preview:-1\" \/>\n<link rel=\"canonical\" href=\"https:\/\/latam-spectrum.com\/2023\/registration\/\" \/>\n<meta property=\"og:locale\" content=\"en_GB\" \/>\n<meta property=\"og:type\" content=\"article\" \/>\n<meta property=\"og:title\" content=\"Register - 10th Latin America Spectrum Management Conference\" \/>\n<meta property=\"og:description\" content=\"Registration Please kindly note that this is a fully in-person event, taking place at the\u00a0\u201cEspa\u00e7o Cultural Renato Guerreiro\u201d at ANATEL\u2019s Headquarters in Bras\u00edlia, Brazil. There will be\u00a0no virtual element\u00a0to this event, so please only register if you are able to physically participate in Brazil. &#8212;&#8212;&#8212;&#8212;&#8212;&#8212;&#8212;&#8211; Tenga en cuenta que este es un evento totalmente presencial [&hellip;]\" \/>\n<meta property=\"og:url\" content=\"https:\/\/latam-spectrum.com\/2023\/registration\/\" \/>\n<meta property=\"og:site_name\" content=\"10th Latin America Spectrum Management Conference\" \/>\n<meta property=\"article:modified_time\" content=\"2023-11-29T10:35:21+00:00\" \/>\n<meta name=\"twitter:card\" content=\"summary_large_image\" \/>\n<meta name=\"twitter:label1\" content=\"Estimated reading time\" \/>\n\t<meta name=\"twitter:data1\" content=\"1 minute\" \/>\n<script type=\"application\/ld+json\" class=\"yoast-schema-graph\">{\"@context\":\"https:\/\/schema.org\",\"@graph\":[{\"@type\":\"WebPage\",\"@id\":\"https:\/\/latam-spectrum.com\/2023\/registration\/\",\"url\":\"https:\/\/latam-spectrum.com\/2023\/registration\/\",\"name\":\"Register - 10th Latin America Spectrum Management Conference\",\"isPartOf\":{\"@id\":\"https:\/\/latam-spectrum.com\/2023\/#website\"},\"datePublished\":\"2023-10-02T07:47:20+00:00\",\"dateModified\":\"2023-11-29T10:35:21+00:00\",\"breadcrumb\":{\"@id\":\"https:\/\/latam-spectrum.com\/2023\/registration\/#breadcrumb\"},\"inLanguage\":\"en-GB\",\"potentialAction\":[{\"@type\":\"ReadAction\",\"target\":[\"https:\/\/latam-spectrum.com\/2023\/registration\/\"]}]},{\"@type\":\"BreadcrumbList\",\"@id\":\"https:\/\/latam-spectrum.com\/2023\/registration\/#breadcrumb\",\"itemListElement\":[{\"@type\":\"ListItem\",\"position\":1,\"name\":\"Home\",\"item\":\"https:\/\/latam-spectrum.com\/2023\/\"},{\"@type\":\"ListItem\",\"position\":2,\"name\":\"Register\"}]},{\"@type\":\"WebSite\",\"@id\":\"https:\/\/latam-spectrum.com\/2023\/#website\",\"url\":\"https:\/\/latam-spectrum.com\/2023\/\",\"name\":\"10th Latin America Spectrum Management Conference\",\"description\":\"\",\"potentialAction\":[{\"@type\":\"SearchAction\",\"target\":{\"@type\":\"EntryPoint\",\"urlTemplate\":\"https:\/\/latam-spectrum.com\/2023\/?s={search_term_string}\"},\"query-input\":\"required name=search_term_string\"}],\"inLanguage\":\"en-GB\"}]}<\/script>\n<!-- \/ Yoast SEO plugin. -->","yoast_head_json":{"title":"Register - 10th Latin America Spectrum Management Conference","robots":{"index":"index","follow":"follow","max-snippet":"max-snippet:-1","max-image-preview":"max-image-preview:large","max-video-preview":"max-video-preview:-1"},"canonical":"https:\/\/latam-spectrum.com\/2023\/registration\/","og_locale":"en_GB","og_type":"article","og_title":"Register - 10th Latin America Spectrum Management Conference","og_description":"Registration Please kindly note that this is a fully in-person event, taking place at the\u00a0\u201cEspa\u00e7o Cultural Renato Guerreiro\u201d at ANATEL\u2019s Headquarters in Bras\u00edlia, Brazil. There will be\u00a0no virtual element\u00a0to this event, so please only register if you are able to physically participate in Brazil. &#8212;&#8212;&#8212;&#8212;&#8212;&#8212;&#8212;&#8211; Tenga en cuenta que este es un evento totalmente presencial [&hellip;]","og_url":"https:\/\/latam-spectrum.com\/2023\/registration\/","og_site_name":"10th Latin America Spectrum Management Conference","article_modified_time":"2023-11-29T10:35:21+00:00","twitter_card":"summary_large_image","twitter_misc":{"Estimated reading time":"1 minute"},"schema":{"@context":"https:\/\/schema.org","@graph":[{"@type":"WebPage","@id":"https:\/\/latam-spectrum.com\/2023\/registration\/","url":"https:\/\/latam-spectrum.com\/2023\/registration\/","name":"Register - 10th Latin America Spectrum Management Conference","isPartOf":{"@id":"https:\/\/latam-spectrum.com\/2023\/#website"},"datePublished":"2023-10-02T07:47:20+00:00","dateModified":"2023-11-29T10:35:21+00:00","breadcrumb":{"@id":"https:\/\/latam-spectrum.com\/2023\/registration\/#breadcrumb"},"inLanguage":"en-GB","potentialAction":[{"@type":"ReadAction","target":["https:\/\/latam-spectrum.com\/2023\/registration\/"]}]},{"@type":"BreadcrumbList","@id":"https:\/\/latam-spectrum.com\/2023\/registration\/#breadcrumb","itemListElement":[{"@type":"ListItem","position":1,"name":"Home","item":"https:\/\/latam-spectrum.com\/2023\/"},{"@type":"ListItem","position":2,"name":"Register"}]},{"@type":"WebSite","@id":"https:\/\/latam-spectrum.com\/2023\/#website","url":"https:\/\/latam-spectrum.com\/2023\/","name":"10th Latin America Spectrum Management Conference","description":"","potentialAction":[{"@type":"SearchAction","target":{"@type":"EntryPoint","urlTemplate":"https:\/\/latam-spectrum.com\/2023\/?s={search_term_string}"},"query-input":"required name=search_term_string"}],"inLanguage":"en-GB"}]}},"_links":{"self":[{"href":"https:\/\/latam-spectrum.com\/2023\/wp-json\/wp\/v2\/pages\/4880"}],"collection":[{"href":"https:\/\/latam-spectrum.com\/2023\/wp-json\/wp\/v2\/pages"}],"about":[{"href":"https:\/\/latam-spectrum.com\/2023\/wp-json\/wp\/v2\/types\/page"}],"author":[{"embeddable":true,"href":"https:\/\/latam-spectrum.com\/2023\/wp-json\/wp\/v2\/users\/1"}],"replies":[{"embeddable":true,"href":"https:\/\/latam-spectrum.com\/2023\/wp-json\/wp\/v2\/comments?post=4880"}],"version-history":[{"count":41,"href":"https:\/\/latam-spectrum.com\/2023\/wp-json\/wp\/v2\/pages\/4880\/revisions"}],"predecessor-version":[{"id":5189,"href":"https:\/\/latam-spectrum.com\/2023\/wp-json\/wp\/v2\/pages\/4880\/revisions\/5189"}],"wp:attachment":[{"href":"https:\/\/latam-spectrum.com\/2023\/wp-json\/wp\/v2\/media?parent=4880"}],"curies":[{"name":"wp","href":"https:\/\/api.w.org\/{rel}","templated":true}]}}